{"id":299,"date":"2024-02-23T16:35:54","date_gmt":"2024-02-23T15:35:54","guid":{"rendered":"https:\/\/terres-d-ailes.fr\/?page_id=299"},"modified":"2024-05-20T19:00:39","modified_gmt":"2024-05-20T17:00:39","slug":"h-terres-dailes-materaku","status":"publish","type":"page","link":"https:\/\/terres-d-ailes.fr\/index.php\/h-terres-dailes-materaku\/","title":{"rendered":"Terres d&rsquo;ailes Materaku"},"content":{"rendered":"\n<h2 class=\"wp-block-heading has-text-align-right\"> H comme Hippolyte <\/h2>\n\n\n\n<figure class=\"wp-block-gallery has-nested-images columns-default is-cropped wp-block-gallery-1 is-layout-flex wp-block-gallery-is-layout-flex\">\n<figure class=\"wp-block-image size-large\"><img loading=\"lazy\" decoding=\"async\" width=\"1024\" height=\"684\" data-id=\"266\" src=\"https:\/\/terres-d-ailes.fr\/wp-content\/uploads\/2024\/02\/P1160545-1024x684.jpg\" alt=\"H Terres d'ailes Materaku poisson\" class=\"wp-image-266\" srcset=\"https:\/\/terres-d-ailes.fr\/wp-content\/uploads\/2024\/02\/P1160545-1024x684.jpg 1024w, https:\/\/terres-d-ailes.fr\/wp-content\/uploads\/2024\/02\/P1160545-300x200.jpg 300w, https:\/\/terres-d-ailes.fr\/wp-content\/uploads\/2024\/02\/P1160545-2000x1336.jpg 2000w\" sizes=\"auto, (max-width: 1024px) 100vw, 1024px\" \/><\/figure>\n\n\n\n<figure class=\"wp-block-image size-large\"><img loading=\"lazy\" decoding=\"async\" width=\"1024\" height=\"684\" data-id=\"264\" src=\"https:\/\/terres-d-ailes.fr\/wp-content\/uploads\/2024\/02\/P1160540-1024x684.jpg\" alt=\"H Terres d'ailes Materaku poisson\" class=\"wp-image-264\" srcset=\"https:\/\/terres-d-ailes.fr\/wp-content\/uploads\/2024\/02\/P1160540-1024x684.jpg 1024w, https:\/\/terres-d-ailes.fr\/wp-content\/uploads\/2024\/02\/P1160540-300x200.jpg 300w, https:\/\/terres-d-ailes.fr\/wp-content\/uploads\/2024\/02\/P1160540-2000x1336.jpg 2000w\" sizes=\"auto, (max-width: 1024px) 100vw, 1024px\" \/><\/figure>\n<\/figure>\n\n\n\n<h2 class=\"wp-block-heading has-text-align-right\">                                                                                                                    H comme Hercule <\/h2>\n\n\n\n<figure class=\"wp-block-gallery has-nested-images columns-default is-cropped wp-block-gallery-2 is-layout-flex wp-block-gallery-is-layout-flex\">\n<figure class=\"wp-block-image size-large\"><img loading=\"lazy\" decoding=\"async\" width=\"669\" height=\"1024\" data-id=\"221\" src=\"https:\/\/terres-d-ailes.fr\/wp-content\/uploads\/2024\/02\/20230712_110928-669x1024.jpg\" alt=\"H Terres d'ailes Materaku  H comme Hercule\" class=\"wp-image-221\" srcset=\"https:\/\/terres-d-ailes.fr\/wp-content\/uploads\/2024\/02\/20230712_110928-669x1024.jpg 669w, https:\/\/terres-d-ailes.fr\/wp-content\/uploads\/2024\/02\/20230712_110928-196x300.jpg 196w, https:\/\/terres-d-ailes.fr\/wp-content\/uploads\/2024\/02\/20230712_110928-2000x3063.jpg 2000w, https:\/\/terres-d-ailes.fr\/wp-content\/uploads\/2024\/02\/20230712_110928-scaled.jpg 1672w\" sizes=\"auto, (max-width: 669px) 100vw, 669px\" \/><figcaption class=\"wp-element-caption\"><a href=\"https:\/\/terres-d-ailes.fr\/index.php\/contactez-moi-terres-dailes-fr-un-univers-de-terre-et-de-mots\/\">Sur demande<\/a><\/figcaption><\/figure>\n\n\n\n<figure class=\"wp-block-image size-large\"><img loading=\"lazy\" decoding=\"async\" width=\"768\" height=\"1024\" data-id=\"60\" src=\"https:\/\/terres-d-ailes.fr\/wp-content\/uploads\/2024\/02\/20230322_163414-768x1024.jpg\" alt=\"H comme Hercule\" class=\"wp-image-60\" srcset=\"https:\/\/terres-d-ailes.fr\/wp-content\/uploads\/2024\/02\/20230322_163414-768x1024.jpg 768w, https:\/\/terres-d-ailes.fr\/wp-content\/uploads\/2024\/02\/20230322_163414-225x300.jpg 225w, https:\/\/terres-d-ailes.fr\/wp-content\/uploads\/2024\/02\/20230322_163414-2000x2667.jpg 2000w, https:\/\/terres-d-ailes.fr\/wp-content\/uploads\/2024\/02\/20230322_163414-scaled.jpg 1920w\" sizes=\"auto, (max-width: 768px) 100vw, 768px\" \/><\/figure>\n<\/figure>\n\n\n\n<h2 class=\"wp-block-heading has-text-align-right\">                                                                                                                  H comme Hector<\/h2>\n\n\n\n<figure class=\"wp-block-gallery has-nested-images columns-default is-cropped wp-block-gallery-3 is-layout-flex wp-block-gallery-is-layout-flex\">\n<figure class=\"wp-block-image size-large\"><img loading=\"lazy\" decoding=\"async\" width=\"563\" height=\"1024\" data-id=\"217\" src=\"https:\/\/terres-d-ailes.fr\/wp-content\/uploads\/2024\/02\/20230712_110055-1-edited-2-1-563x1024.jpg\" alt=\"H Terres d'ailes Materaku H comme Hector\" class=\"wp-image-217\" srcset=\"https:\/\/terres-d-ailes.fr\/wp-content\/uploads\/2024\/02\/20230712_110055-1-edited-2-1-563x1024.jpg 563w, https:\/\/terres-d-ailes.fr\/wp-content\/uploads\/2024\/02\/20230712_110055-1-edited-2-1-165x300.jpg 165w, https:\/\/terres-d-ailes.fr\/wp-content\/uploads\/2024\/02\/20230712_110055-1-edited-2-1.jpg 1109w\" sizes=\"auto, (max-width: 563px) 100vw, 563px\" \/><\/figure>\n\n\n\n<figure class=\"wp-block-image size-large\"><img loading=\"lazy\" decoding=\"async\" width=\"563\" height=\"1024\" data-id=\"214\" src=\"http:\/\/terres-d-ailes.fr\/wp-content\/uploads\/2024\/02\/20230712_110055-1-1-563x1024.jpg\" alt=\"H comme Hector\" class=\"wp-image-214\" srcset=\"https:\/\/terres-d-ailes.fr\/wp-content\/uploads\/2024\/02\/20230712_110055-1-1-563x1024.jpg 563w, https:\/\/terres-d-ailes.fr\/wp-content\/uploads\/2024\/02\/20230712_110055-1-1-165x300.jpg 165w, https:\/\/terres-d-ailes.fr\/wp-content\/uploads\/2024\/02\/20230712_110055-1-1-2000x3636.jpg 2000w, https:\/\/terres-d-ailes.fr\/wp-content\/uploads\/2024\/02\/20230712_110055-1-1-scaled.jpg 1408w\" sizes=\"auto, (max-width: 563px) 100vw, 563px\" \/><figcaption class=\"wp-element-caption\"><strong>H 47 cm<\/strong><\/figcaption><\/figure>\n<\/figure>\n\n\n\n<h2 class=\"wp-block-heading has-text-align-right\">                                                                                                                  H comme Honorin <\/h2>\n\n\n\n<figure class=\"wp-block-gallery has-nested-images columns-default is-cropped wp-block-gallery-4 is-layout-flex wp-block-gallery-is-layout-flex\">\n<figure class=\"wp-block-image size-large\"><img loading=\"lazy\" decoding=\"async\" width=\"768\" height=\"1024\" data-id=\"199\" src=\"https:\/\/terres-d-ailes.fr\/wp-content\/uploads\/2024\/02\/20230712_105316-2-768x1024.jpg\" alt=\"H Terres d'ailes Materaku H comme Honorin\" class=\"wp-image-199\" srcset=\"https:\/\/terres-d-ailes.fr\/wp-content\/uploads\/2024\/02\/20230712_105316-2-768x1024.jpg 768w, https:\/\/terres-d-ailes.fr\/wp-content\/uploads\/2024\/02\/20230712_105316-2-225x300.jpg 225w, https:\/\/terres-d-ailes.fr\/wp-content\/uploads\/2024\/02\/20230712_105316-2-rotated.jpg 1200w\" sizes=\"auto, (max-width: 768px) 100vw, 768px\" \/><\/figure>\n\n\n\n<figure class=\"wp-block-image size-large\"><img loading=\"lazy\" decoding=\"async\" width=\"728\" height=\"1024\" data-id=\"204\" src=\"https:\/\/terres-d-ailes.fr\/wp-content\/uploads\/2024\/02\/20230712_105415-scaled-2-728x1024.jpg\" alt=\"H comme Honorin\" class=\"wp-image-204\" srcset=\"https:\/\/terres-d-ailes.fr\/wp-content\/uploads\/2024\/02\/20230712_105415-scaled-2-728x1024.jpg 728w, https:\/\/terres-d-ailes.fr\/wp-content\/uploads\/2024\/02\/20230712_105415-scaled-2-213x300.jpg 213w, https:\/\/terres-d-ailes.fr\/wp-content\/uploads\/2024\/02\/20230712_105415-scaled-2.jpg 1821w\" sizes=\"auto, (max-width: 728px) 100vw, 728px\" \/><figcaption class=\"wp-element-caption\"><strong>H 27 cm, 28 cm au + large                                                                                                          87\u20ac<\/strong><\/figcaption><\/figure>\n<\/figure>\n\n\n\n<h2 class=\"wp-block-heading has-text-align-right\"> Vaisselles <\/h2>\n\n\n\n<figure class=\"wp-block-gallery has-nested-images columns-default is-cropped wp-block-gallery-5 is-layout-flex wp-block-gallery-is-layout-flex\">\n<figure class=\"wp-block-image size-large\"><img loading=\"lazy\" decoding=\"async\" width=\"1024\" height=\"768\" data-id=\"74\" src=\"https:\/\/terres-d-ailes.fr\/wp-content\/uploads\/2024\/02\/20230328_142523-1024x768.jpg\" alt=\"Coupe de fruit\" class=\"wp-image-74\" srcset=\"https:\/\/terres-d-ailes.fr\/wp-content\/uploads\/2024\/02\/20230328_142523-1024x768.jpg 1024w, https:\/\/terres-d-ailes.fr\/wp-content\/uploads\/2024\/02\/20230328_142523-300x225.jpg 300w, https:\/\/terres-d-ailes.fr\/wp-content\/uploads\/2024\/02\/20230328_142523-2000x1500.jpg 2000w\" sizes=\"auto, (max-width: 1024px) 100vw, 1024px\" \/><figcaption class=\"wp-element-caption\"><strong>diam 27 cm                                                                57 \u20ac<\/strong><\/figcaption><\/figure>\n\n\n\n<figure class=\"wp-block-image size-large\"><img loading=\"lazy\" decoding=\"async\" width=\"1024\" height=\"576\" data-id=\"52\" src=\"https:\/\/terres-d-ailes.fr\/wp-content\/uploads\/2024\/02\/20230322_163010-1024x576.jpg\" alt=\"coupe pour fruits\" class=\"wp-image-52\" srcset=\"https:\/\/terres-d-ailes.fr\/wp-content\/uploads\/2024\/02\/20230322_163010-1024x576.jpg 1024w, https:\/\/terres-d-ailes.fr\/wp-content\/uploads\/2024\/02\/20230322_163010-300x169.jpg 300w, https:\/\/terres-d-ailes.fr\/wp-content\/uploads\/2024\/02\/20230322_163010-2000x1125.jpg 2000w\" sizes=\"auto, (max-width: 1024px) 100vw, 1024px\" \/><\/figure>\n\n\n\n<figure class=\"wp-block-image size-large\"><img loading=\"lazy\" decoding=\"async\" width=\"1024\" height=\"768\" data-id=\"63\" src=\"https:\/\/terres-d-ailes.fr\/wp-content\/uploads\/2024\/02\/20230322_165040-1024x768.jpg\" alt=\"H Terres d'ailes Materaku plat\" class=\"wp-image-63\" srcset=\"https:\/\/terres-d-ailes.fr\/wp-content\/uploads\/2024\/02\/20230322_165040-1024x768.jpg 1024w, https:\/\/terres-d-ailes.fr\/wp-content\/uploads\/2024\/02\/20230322_165040-300x225.jpg 300w, https:\/\/terres-d-ailes.fr\/wp-content\/uploads\/2024\/02\/20230322_165040-2000x1500.jpg 2000w\" sizes=\"auto, (max-width: 1024px) 100vw, 1024px\" \/><figcaption class=\"wp-element-caption\"><strong>Plat \u00e0 cake 16 cm\/ 37 cm                                          47\u20ac                      <\/strong><\/figcaption><\/figure>\n\n\n\n<figure class=\"wp-block-image size-large\"><img loading=\"lazy\" decoding=\"async\" width=\"766\" height=\"883\" data-id=\"101\" src=\"https:\/\/terres-d-ailes.fr\/wp-content\/uploads\/2024\/02\/20230328_155310.jpg\" alt=\"H Terres d'ailes Materaku d\u00e9tail plat\" class=\"wp-image-101\" srcset=\"https:\/\/terres-d-ailes.fr\/wp-content\/uploads\/2024\/02\/20230328_155310.jpg 766w, https:\/\/terres-d-ailes.fr\/wp-content\/uploads\/2024\/02\/20230328_155310-260x300.jpg 260w\" sizes=\"auto, (max-width: 766px) 100vw, 766px\" \/><\/figure>\n\n\n\n<figure class=\"wp-block-image size-large\"><img loading=\"lazy\" decoding=\"async\" width=\"768\" height=\"1024\" data-id=\"102\" src=\"https:\/\/terres-d-ailes.fr\/wp-content\/uploads\/2024\/02\/20230328_155446-rotated-1-768x1024.jpg\" alt=\"D\u00e9tail plat\" class=\"wp-image-102\" srcset=\"https:\/\/terres-d-ailes.fr\/wp-content\/uploads\/2024\/02\/20230328_155446-rotated-1-768x1024.jpg 768w, https:\/\/terres-d-ailes.fr\/wp-content\/uploads\/2024\/02\/20230328_155446-rotated-1-225x300.jpg 225w, https:\/\/terres-d-ailes.fr\/wp-content\/uploads\/2024\/02\/20230328_155446-rotated-1.jpg 1200w\" sizes=\"auto, (max-width: 768px) 100vw, 768px\" \/><\/figure>\n\n\n\n<figure class=\"wp-block-image size-large\"><img loading=\"lazy\" decoding=\"async\" width=\"1024\" height=\"768\" data-id=\"100\" src=\"https:\/\/terres-d-ailes.fr\/wp-content\/uploads\/2024\/02\/20230328_155229-1024x768.jpg\" alt=\"D\u00e9tail plat\" class=\"wp-image-100\" srcset=\"https:\/\/terres-d-ailes.fr\/wp-content\/uploads\/2024\/02\/20230328_155229-1024x768.jpg 1024w, https:\/\/terres-d-ailes.fr\/wp-content\/uploads\/2024\/02\/20230328_155229-300x225.jpg 300w, https:\/\/terres-d-ailes.fr\/wp-content\/uploads\/2024\/02\/20230328_155229-2000x1500.jpg 2000w\" sizes=\"auto, (max-width: 1024px) 100vw, 1024px\" \/><\/figure>\n<\/figure>\n\n\n\n<h2 class=\"wp-block-heading has-text-align-right\"> Bo\u00eetes \u00e0 douceurs <\/h2>\n\n\n\n<figure class=\"wp-block-gallery has-nested-images columns-default is-cropped wp-block-gallery-6 is-layout-flex wp-block-gallery-is-layout-flex\">\n<figure class=\"wp-block-image size-large\"><img loading=\"lazy\" decoding=\"async\" width=\"768\" height=\"1024\" data-id=\"187\" src=\"https:\/\/terres-d-ailes.fr\/wp-content\/uploads\/2024\/02\/20230712_103818-1-768x1024.jpg\" alt=\"H Terres d'ailes Materaku Sucrier\" class=\"wp-image-187\" srcset=\"https:\/\/terres-d-ailes.fr\/wp-content\/uploads\/2024\/02\/20230712_103818-1-768x1024.jpg 768w, https:\/\/terres-d-ailes.fr\/wp-content\/uploads\/2024\/02\/20230712_103818-1-225x300.jpg 225w, https:\/\/terres-d-ailes.fr\/wp-content\/uploads\/2024\/02\/20230712_103818-1-2000x2667.jpg 2000w, https:\/\/terres-d-ailes.fr\/wp-content\/uploads\/2024\/02\/20230712_103818-1-scaled.jpg 1920w\" sizes=\"auto, (max-width: 768px) 100vw, 768px\" \/><figcaption class=\"wp-element-caption\"><strong>H 13 cm diam 13 cm                                                          47\u20ac<\/strong><\/figcaption><\/figure>\n\n\n\n<figure class=\"wp-block-image size-large\"><img loading=\"lazy\" decoding=\"async\" width=\"1024\" height=\"768\" data-id=\"186\" src=\"https:\/\/terres-d-ailes.fr\/wp-content\/uploads\/2024\/02\/20230712_103800-1-1024x768.jpg\" alt=\"Boite \u00e0 douceurs\" class=\"wp-image-186\" srcset=\"https:\/\/terres-d-ailes.fr\/wp-content\/uploads\/2024\/02\/20230712_103800-1-1024x768.jpg 1024w, https:\/\/terres-d-ailes.fr\/wp-content\/uploads\/2024\/02\/20230712_103800-1-300x225.jpg 300w, https:\/\/terres-d-ailes.fr\/wp-content\/uploads\/2024\/02\/20230712_103800-1-2000x1500.jpg 2000w\" sizes=\"auto, (max-width: 1024px) 100vw, 1024px\" \/><\/figure>\n\n\n\n<figure class=\"wp-block-image size-large\"><img loading=\"lazy\" decoding=\"async\" width=\"840\" height=\"1024\" data-id=\"90\" src=\"https:\/\/terres-d-ailes.fr\/wp-content\/uploads\/2024\/02\/20230328_151328-840x1024.jpg\" alt=\"Boite \u00e0 douceurs\" class=\"wp-image-90\" srcset=\"https:\/\/terres-d-ailes.fr\/wp-content\/uploads\/2024\/02\/20230328_151328-840x1024.jpg 840w, https:\/\/terres-d-ailes.fr\/wp-content\/uploads\/2024\/02\/20230328_151328-246x300.jpg 246w, https:\/\/terres-d-ailes.fr\/wp-content\/uploads\/2024\/02\/20230328_151328-2000x2439.jpg 2000w\" sizes=\"auto, (max-width: 840px) 100vw, 840px\" \/><figcaption class=\"wp-element-caption\">                                                                              47\u20ac<\/figcaption><\/figure>\n\n\n\n<figure class=\"wp-block-image size-large\"><img loading=\"lazy\" decoding=\"async\" width=\"1024\" height=\"768\" data-id=\"259\" src=\"https:\/\/terres-d-ailes.fr\/wp-content\/uploads\/2024\/02\/P1070990-1024x768.jpg\" alt=\"H Terres d'ailes Materaku Boite \u00e0 douceurs sucrier\" class=\"wp-image-259\" srcset=\"https:\/\/terres-d-ailes.fr\/wp-content\/uploads\/2024\/02\/P1070990-1024x768.jpg 1024w, https:\/\/terres-d-ailes.fr\/wp-content\/uploads\/2024\/02\/P1070990-300x225.jpg 300w, https:\/\/terres-d-ailes.fr\/wp-content\/uploads\/2024\/02\/P1070990-2000x1500.jpg 2000w, https:\/\/terres-d-ailes.fr\/wp-content\/uploads\/2024\/02\/P1070990.jpg 2048w\" sizes=\"auto, (max-width: 1024px) 100vw, 1024px\" \/><\/figure>\n<\/figure>\n\n\n\n<h2 class=\"wp-block-heading has-text-align-right\">Terres d&rsquo;ailes Materaku                                                                                                                                    Sculptures<\/h2>\n\n\n\n<figure class=\"wp-block-gallery has-nested-images columns-default is-cropped wp-block-gallery-7 is-layout-flex wp-block-gallery-is-layout-flex\">\n<figure class=\"wp-block-image size-large\"><img loading=\"lazy\" decoding=\"async\" width=\"768\" height=\"1024\" data-id=\"206\" src=\"https:\/\/terres-d-ailes.fr\/wp-content\/uploads\/2024\/02\/20230712_105509-1-1-768x1024.jpg\" alt=\"H Terres d'ailes Materaku sculptures\" class=\"wp-image-206\" srcset=\"https:\/\/terres-d-ailes.fr\/wp-content\/uploads\/2024\/02\/20230712_105509-1-1-768x1024.jpg 768w, https:\/\/terres-d-ailes.fr\/wp-content\/uploads\/2024\/02\/20230712_105509-1-1-225x300.jpg 225w, https:\/\/terres-d-ailes.fr\/wp-content\/uploads\/2024\/02\/20230712_105509-1-1-2000x2667.jpg 2000w, https:\/\/terres-d-ailes.fr\/wp-content\/uploads\/2024\/02\/20230712_105509-1-1-scaled.jpg 1920w\" sizes=\"auto, (max-width: 768px) 100vw, 768px\" \/><figcaption class=\"wp-element-caption\"><strong>Vase H 24 cm                                                                                                                      37\u20ac<\/strong><\/figcaption><\/figure>\n\n\n\n<figure class=\"wp-block-image size-large\"><img loading=\"lazy\" decoding=\"async\" width=\"768\" height=\"1024\" data-id=\"207\" src=\"https:\/\/terres-d-ailes.fr\/wp-content\/uploads\/2024\/02\/20230712_105549-scaled-2-768x1024.jpg\" alt=\"sculpture \" class=\"wp-image-207\" srcset=\"https:\/\/terres-d-ailes.fr\/wp-content\/uploads\/2024\/02\/20230712_105549-scaled-2-768x1024.jpg 768w, https:\/\/terres-d-ailes.fr\/wp-content\/uploads\/2024\/02\/20230712_105549-scaled-2-225x300.jpg 225w, https:\/\/terres-d-ailes.fr\/wp-content\/uploads\/2024\/02\/20230712_105549-scaled-2.jpg 1920w\" sizes=\"auto, (max-width: 768px) 100vw, 768px\" \/><\/figure>\n<\/figure>\n","protected":false},"excerpt":{"rendered":"<p>H comme Hippolyte H comme Hercule H comme Hector H comme Honorin Vaisselles Bo\u00eetes \u00e0 douceurs Terres d&rsquo;ailes Materaku Sculptures<\/p>\n","protected":false},"author":1,"featured_media":277,"parent":0,"menu_order":0,"comment_status":"closed","ping_status":"closed","template":"","meta":{"footnotes":""},"class_list":["post-299","page","type-page","status-publish","has-post-thumbnail","hentry"],"yoast_head":"<!-- This site is optimized with the Yoast SEO plugin v22.7 - https:\/\/yoast.com\/wordpress\/plugins\/seo\/ -->\n<title>H Terres d&#039;ailes Materaku Terres d&#039;ailes Materaku - Terres d&#039;Ailes<\/title>\n<meta name=\"description\" content=\"H Terres d&#039;ailes Materaku cr\u00e9ation poterie c\u00e9ramique H\u00e9l\u00e9 exemple de travaux r\u00e9alis\u00e9s \u00e0 la main . Vaisselle boite \u00e0 douceurs sculptures\" \/>\n<meta name=\"robots\" content=\"index, follow, max-snippet:-1, max-image-preview:large, max-video-preview:-1\" \/>\n<link rel=\"canonical\" href=\"https:\/\/terres-d-ailes.fr\/index.php\/h-terres-dailes-materaku\/\" \/>\n<meta property=\"og:locale\" content=\"fr_FR\" \/>\n<meta property=\"og:type\" content=\"article\" \/>\n<meta property=\"og:title\" content=\"H Terres d&#039;ailes Materaku Terres d&#039;ailes Materaku - Terres d&#039;Ailes\" \/>\n<meta property=\"og:description\" content=\"H Terres d&#039;ailes Materaku cr\u00e9ation poterie c\u00e9ramique H\u00e9l\u00e9 exemple de travaux r\u00e9alis\u00e9s \u00e0 la main . Vaisselle boite \u00e0 douceurs sculptures\" \/>\n<meta property=\"og:url\" content=\"https:\/\/terres-d-ailes.fr\/index.php\/h-terres-dailes-materaku\/\" \/>\n<meta property=\"og:site_name\" content=\"Terres d&#039;Ailes\" \/>\n<meta property=\"article:modified_time\" content=\"2024-05-20T17:00:39+00:00\" \/>\n<meta property=\"og:image\" content=\"http:\/\/terres-d-ailes.fr\/wp-content\/uploads\/2024\/02\/ter-scaled.jpg\" \/>\n\t<meta property=\"og:image:width\" content=\"1703\" \/>\n\t<meta property=\"og:image:height\" content=\"2560\" \/>\n\t<meta property=\"og:image:type\" content=\"image\/jpeg\" \/>\n<meta name=\"twitter:card\" content=\"summary_large_image\" \/>\n<meta name=\"twitter:label1\" content=\"Dur\u00e9e de lecture estim\u00e9e\" \/>\n\t<meta name=\"twitter:data1\" content=\"5 minutes\" \/>\n<script type=\"application\/ld+json\" class=\"yoast-schema-graph\">{\"@context\":\"https:\/\/schema.org\",\"@graph\":[{\"@type\":\"WebPage\",\"@id\":\"https:\/\/terres-d-ailes.fr\/index.php\/h-terres-dailes-materaku\/\",\"url\":\"https:\/\/terres-d-ailes.fr\/index.php\/h-terres-dailes-materaku\/\",\"name\":\"H Terres d'ailes Materaku Terres d'ailes Materaku - Terres d&#039;Ailes\",\"isPartOf\":{\"@id\":\"https:\/\/terres-d-ailes.fr\/#website\"},\"primaryImageOfPage\":{\"@id\":\"https:\/\/terres-d-ailes.fr\/index.php\/h-terres-dailes-materaku\/#primaryimage\"},\"image\":{\"@id\":\"https:\/\/terres-d-ailes.fr\/index.php\/h-terres-dailes-materaku\/#primaryimage\"},\"thumbnailUrl\":\"https:\/\/terres-d-ailes.fr\/wp-content\/uploads\/2024\/02\/ter-scaled.jpg\",\"datePublished\":\"2024-02-23T15:35:54+00:00\",\"dateModified\":\"2024-05-20T17:00:39+00:00\",\"description\":\"H Terres d'ailes Materaku cr\u00e9ation poterie c\u00e9ramique H\u00e9l\u00e9 exemple de travaux r\u00e9alis\u00e9s \u00e0 la main . Vaisselle boite \u00e0 douceurs sculptures\",\"breadcrumb\":{\"@id\":\"https:\/\/terres-d-ailes.fr\/index.php\/h-terres-dailes-materaku\/#breadcrumb\"},\"inLanguage\":\"fr-FR\",\"potentialAction\":[{\"@type\":\"ReadAction\",\"target\":[\"https:\/\/terres-d-ailes.fr\/index.php\/h-terres-dailes-materaku\/\"]}]},{\"@type\":\"ImageObject\",\"inLanguage\":\"fr-FR\",\"@id\":\"https:\/\/terres-d-ailes.fr\/index.php\/h-terres-dailes-materaku\/#primaryimage\",\"url\":\"https:\/\/terres-d-ailes.fr\/wp-content\/uploads\/2024\/02\/ter-scaled.jpg\",\"contentUrl\":\"https:\/\/terres-d-ailes.fr\/wp-content\/uploads\/2024\/02\/ter-scaled.jpg\",\"width\":1703,\"height\":2560},{\"@type\":\"BreadcrumbList\",\"@id\":\"https:\/\/terres-d-ailes.fr\/index.php\/h-terres-dailes-materaku\/#breadcrumb\",\"itemListElement\":[{\"@type\":\"ListItem\",\"position\":1,\"name\":\"Accueil\",\"item\":\"https:\/\/terres-d-ailes.fr\/\"},{\"@type\":\"ListItem\",\"position\":2,\"name\":\"Terres d&rsquo;ailes Materaku\"}]},{\"@type\":\"WebSite\",\"@id\":\"https:\/\/terres-d-ailes.fr\/#website\",\"url\":\"https:\/\/terres-d-ailes.fr\/\",\"name\":\"Terres d'Ailes\",\"description\":\"Conjuguer les mots \u00e0 la terre et sentir nos ailes se d\u00e9ployer\",\"potentialAction\":[{\"@type\":\"SearchAction\",\"target\":{\"@type\":\"EntryPoint\",\"urlTemplate\":\"https:\/\/terres-d-ailes.fr\/?s={search_term_string}\"},\"query-input\":\"required name=search_term_string\"}],\"inLanguage\":\"fr-FR\"}]}<\/script>\n<!-- \/ Yoast SEO plugin. -->","yoast_head_json":{"title":"H Terres d'ailes Materaku Terres d'ailes Materaku - Terres d&#039;Ailes","description":"H Terres d'ailes Materaku cr\u00e9ation poterie c\u00e9ramique H\u00e9l\u00e9 exemple de travaux r\u00e9alis\u00e9s \u00e0 la main . Vaisselle boite \u00e0 douceurs sculptures","robots":{"index":"index","follow":"follow","max-snippet":"max-snippet:-1","max-image-preview":"max-image-preview:large","max-video-preview":"max-video-preview:-1"},"canonical":"https:\/\/terres-d-ailes.fr\/index.php\/h-terres-dailes-materaku\/","og_locale":"fr_FR","og_type":"article","og_title":"H Terres d'ailes Materaku Terres d'ailes Materaku - Terres d&#039;Ailes","og_description":"H Terres d'ailes Materaku cr\u00e9ation poterie c\u00e9ramique H\u00e9l\u00e9 exemple de travaux r\u00e9alis\u00e9s \u00e0 la main . Vaisselle boite \u00e0 douceurs sculptures","og_url":"https:\/\/terres-d-ailes.fr\/index.php\/h-terres-dailes-materaku\/","og_site_name":"Terres d&#039;Ailes","article_modified_time":"2024-05-20T17:00:39+00:00","og_image":[{"width":1703,"height":2560,"url":"http:\/\/terres-d-ailes.fr\/wp-content\/uploads\/2024\/02\/ter-scaled.jpg","type":"image\/jpeg"}],"twitter_card":"summary_large_image","twitter_misc":{"Dur\u00e9e de lecture estim\u00e9e":"5 minutes"},"schema":{"@context":"https:\/\/schema.org","@graph":[{"@type":"WebPage","@id":"https:\/\/terres-d-ailes.fr\/index.php\/h-terres-dailes-materaku\/","url":"https:\/\/terres-d-ailes.fr\/index.php\/h-terres-dailes-materaku\/","name":"H Terres d'ailes Materaku Terres d'ailes Materaku - Terres d&#039;Ailes","isPartOf":{"@id":"https:\/\/terres-d-ailes.fr\/#website"},"primaryImageOfPage":{"@id":"https:\/\/terres-d-ailes.fr\/index.php\/h-terres-dailes-materaku\/#primaryimage"},"image":{"@id":"https:\/\/terres-d-ailes.fr\/index.php\/h-terres-dailes-materaku\/#primaryimage"},"thumbnailUrl":"https:\/\/terres-d-ailes.fr\/wp-content\/uploads\/2024\/02\/ter-scaled.jpg","datePublished":"2024-02-23T15:35:54+00:00","dateModified":"2024-05-20T17:00:39+00:00","description":"H Terres d'ailes Materaku cr\u00e9ation poterie c\u00e9ramique H\u00e9l\u00e9 exemple de travaux r\u00e9alis\u00e9s \u00e0 la main . Vaisselle boite \u00e0 douceurs sculptures","breadcrumb":{"@id":"https:\/\/terres-d-ailes.fr\/index.php\/h-terres-dailes-materaku\/#breadcrumb"},"inLanguage":"fr-FR","potentialAction":[{"@type":"ReadAction","target":["https:\/\/terres-d-ailes.fr\/index.php\/h-terres-dailes-materaku\/"]}]},{"@type":"ImageObject","inLanguage":"fr-FR","@id":"https:\/\/terres-d-ailes.fr\/index.php\/h-terres-dailes-materaku\/#primaryimage","url":"https:\/\/terres-d-ailes.fr\/wp-content\/uploads\/2024\/02\/ter-scaled.jpg","contentUrl":"https:\/\/terres-d-ailes.fr\/wp-content\/uploads\/2024\/02\/ter-scaled.jpg","width":1703,"height":2560},{"@type":"BreadcrumbList","@id":"https:\/\/terres-d-ailes.fr\/index.php\/h-terres-dailes-materaku\/#breadcrumb","itemListElement":[{"@type":"ListItem","position":1,"name":"Accueil","item":"https:\/\/terres-d-ailes.fr\/"},{"@type":"ListItem","position":2,"name":"Terres d&rsquo;ailes Materaku"}]},{"@type":"WebSite","@id":"https:\/\/terres-d-ailes.fr\/#website","url":"https:\/\/terres-d-ailes.fr\/","name":"Terres d'Ailes","description":"Conjuguer les mots \u00e0 la terre et sentir nos ailes se d\u00e9ployer","potentialAction":[{"@type":"SearchAction","target":{"@type":"EntryPoint","urlTemplate":"https:\/\/terres-d-ailes.fr\/?s={search_term_string}"},"query-input":"required name=search_term_string"}],"inLanguage":"fr-FR"}]}},"_links":{"self":[{"href":"https:\/\/terres-d-ailes.fr\/index.php\/wp-json\/wp\/v2\/pages\/299","targetHints":{"allow":["GET"]}}],"collection":[{"href":"https:\/\/terres-d-ailes.fr\/index.php\/wp-json\/wp\/v2\/pages"}],"about":[{"href":"https:\/\/terres-d-ailes.fr\/index.php\/wp-json\/wp\/v2\/types\/page"}],"author":[{"embeddable":true,"href":"https:\/\/terres-d-ailes.fr\/index.php\/wp-json\/wp\/v2\/users\/1"}],"replies":[{"embeddable":true,"href":"https:\/\/terres-d-ailes.fr\/index.php\/wp-json\/wp\/v2\/comments?post=299"}],"version-history":[{"count":5,"href":"https:\/\/terres-d-ailes.fr\/index.php\/wp-json\/wp\/v2\/pages\/299\/revisions"}],"predecessor-version":[{"id":440,"href":"https:\/\/terres-d-ailes.fr\/index.php\/wp-json\/wp\/v2\/pages\/299\/revisions\/440"}],"wp:featuredmedia":[{"embeddable":true,"href":"https:\/\/terres-d-ailes.fr\/index.php\/wp-json\/wp\/v2\/media\/277"}],"wp:attachment":[{"href":"https:\/\/terres-d-ailes.fr\/index.php\/wp-json\/wp\/v2\/media?parent=299"}],"curies":[{"name":"wp","href":"https:\/\/api.w.org\/{rel}","templated":true}]}}